{"id":234286,"date":"2023-10-30T21:49:29","date_gmt":"2023-10-31T03:49:29","guid":{"rendered":"https:\/\/www.suplidora.com.ni\/?page_id=234286"},"modified":"2023-11-24T20:56:59","modified_gmt":"2023-11-25T02:56:59","slug":"nosotros","status":"publish","type":"page","link":"https:\/\/www.suplidora.com.ni\/?page_id=234286","title":{"rendered":"NOSOTROS"},"content":{"rendered":"<p>[et_pb_section fb_built=\u00bb1&#8243; _builder_version=\u00bb4.23&#8243; _module_preset=\u00bbdefault\u00bb custom_margin=\u00bb0px||0px||true|false\u00bb custom_padding=\u00bb0px||0px||true|false\u00bb da_disable_devices=\u00bboff|off|off\u00bb global_colors_info=\u00bb{}\u00bb da_is_popup=\u00bboff\u00bb da_exit_intent=\u00bboff\u00bb da_has_close=\u00bbon\u00bb da_alt_close=\u00bboff\u00bb da_dark_close=\u00bboff\u00bb da_not_modal=\u00bbon\u00bb da_is_singular=\u00bboff\u00bb da_with_loader=\u00bboff\u00bb da_has_shadow=\u00bbon\u00bb][et_pb_row _builder_version=\u00bb4.23&#8243; _module_preset=\u00bbdefault\u00bb width=\u00bb100%\u00bb custom_margin=\u00bb0px||0px||true|false\u00bb custom_padding=\u00bb0px||0px||true|false\u00bb global_colors_info=\u00bb{}\u00bb][et_pb_column type=\u00bb4_4&#8243; _builder_version=\u00bb4.23&#8243; _module_preset=\u00bbdefault\u00bb global_colors_info=\u00bb{}\u00bb][et_pb_image src=\u00bbhttps:\/\/www.suplidora.com.ni\/wp-content\/uploads\/2023\/11\/cover-quienes-somos-min.jpg\u00bb title_text=\u00bbcover quienes somos-min\u00bb _builder_version=\u00bb4.23.1&#8243; _module_preset=\u00bbdefault\u00bb global_colors_info=\u00bb{}\u00bb][\/et_pb_image][\/et_pb_column][\/et_pb_row][\/et_pb_section][et_pb_section fb_built=\u00bb1&#8243; disabled_on=\u00bbon|off|off\u00bb _builder_version=\u00bb4.23.1&#8243; _module_preset=\u00bbdefault\u00bb background_image=\u00bbhttps:\/\/www.suplidora.com.ni\/wp-content\/uploads\/2023\/11\/tradicion-background-min.jpg\u00bb custom_margin=\u00bb0px||0px||true|false\u00bb custom_padding=\u00bb0px||0px||true|false\u00bb da_disable_devices=\u00bboff|off|off\u00bb global_colors_info=\u00bb{}\u00bb da_is_popup=\u00bboff\u00bb da_exit_intent=\u00bboff\u00bb da_has_close=\u00bbon\u00bb da_alt_close=\u00bboff\u00bb da_dark_close=\u00bboff\u00bb da_not_modal=\u00bbon\u00bb da_is_singular=\u00bboff\u00bb da_with_loader=\u00bboff\u00bb da_has_shadow=\u00bbon\u00bb][et_pb_row column_structure=\u00bb1_2,1_2&#8243; _builder_version=\u00bb4.23.1&#8243; _module_preset=\u00bbdefault\u00bb global_colors_info=\u00bb{}\u00bb][et_pb_column type=\u00bb1_2&#8243; _builder_version=\u00bb4.23.1&#8243; _module_preset=\u00bbdefault\u00bb global_colors_info=\u00bb{}\u00bb][et_pb_blurb title=\u00bbSOMOS TRADICI\u00d3N Y CALIDAD EN PRODUCTOS\u00bb use_icon=\u00bbon\u00bb font_icon=\u00bb&#xf164;||fa||900&#8243; icon_color=\u00bb#FFFFFF\u00bb image_icon_width=\u00bb70px\u00bb _builder_version=\u00bb4.23.1&#8243; _module_preset=\u00bbdefault\u00bb header_level=\u00bbh2&#8243; header_font=\u00bbAbel||||||||\u00bb header_text_color=\u00bb#FFFFFF\u00bb body_text_color=\u00bb#FFFFFF\u00bb body_font_size=\u00bb16px\u00bb global_colors_info=\u00bb{}\u00bb]<\/p>\n<p>En Suplidora Internacional, nuestra pasi\u00f3n es brindarte una experiencia de mercado \u00fanica. Desde nuestro inicio, nos hemos comprometido a ofrecer soluciones integrales y servicios excepcionales a nuestros clientes en toda Nicaragua. Nuestra dedicaci\u00f3n a la excelencia, la innovaci\u00f3n y la calidad nos ha posicionado como l\u00edderes en la industria de la importaci\u00f3n de productos que te facilitan la vida. Estamos comprometidos en entender y satisfacer tus necesidades, proporcionando productos de la m\u00e1s alta calidad y servicios personalizados que superen tus expectativas. Descubre c\u00f3mo nuestra experiencia y compromiso pueden beneficiar tu negocio y ser tu socio confiable en el comercio nacional.<\/p>\n<p>[\/et_pb_blurb][\/et_pb_column][et_pb_column type=\u00bb1_2&#8243; _builder_version=\u00bb4.23.1&#8243; _module_preset=\u00bbdefault\u00bb global_colors_info=\u00bb{}\u00bb][\/et_pb_column][\/et_pb_row][\/et_pb_section][et_pb_section fb_built=\u00bb1&#8243; disabled_on=\u00bboff|on|on\u00bb _builder_version=\u00bb4.23.1&#8243; _module_preset=\u00bbdefault\u00bb background_image=\u00bbhttps:\/\/www.suplidora.com.ni\/wp-content\/uploads\/2023\/11\/SUPLIDOA-Us2-phone2-min.jpg\u00bb height=\u00bb200vh\u00bb da_disable_devices=\u00bboff|off|off\u00bb global_colors_info=\u00bb{}\u00bb da_is_popup=\u00bboff\u00bb da_exit_intent=\u00bboff\u00bb da_has_close=\u00bbon\u00bb da_alt_close=\u00bboff\u00bb da_dark_close=\u00bboff\u00bb da_not_modal=\u00bbon\u00bb da_is_singular=\u00bboff\u00bb da_with_loader=\u00bboff\u00bb da_has_shadow=\u00bbon\u00bb][et_pb_row column_structure=\u00bb1_2,1_2&#8243; _builder_version=\u00bb4.23&#8243; _module_preset=\u00bbdefault\u00bb width=\u00bb100%\u00bb module_alignment=\u00bbcenter\u00bb custom_margin=\u00bb-21px|auto|-21px|auto|true|false\u00bb custom_padding=\u00bb18px|||||\u00bb global_colors_info=\u00bb{}\u00bb][et_pb_column type=\u00bb1_2&#8243; _builder_version=\u00bb4.23&#8243; _module_preset=\u00bbdefault\u00bb global_colors_info=\u00bb{}\u00bb][et_pb_blurb title=\u00bbSOMOS TRADICI\u00d3N Y CALIDAD EN PRODUCTOS\u00bb use_icon=\u00bbon\u00bb font_icon=\u00bb&#xf164;||fa||900&#8243; icon_color=\u00bb#FFFFFF\u00bb image_icon_width=\u00bb50px\u00bb _builder_version=\u00bb4.23&#8243; _module_preset=\u00bbdefault\u00bb header_level=\u00bbh1&#8243; header_font=\u00bbAbel|700|||||||\u00bb header_text_color=\u00bb#FFFFFF\u00bb body_font=\u00bb||||||||\u00bb body_text_color=\u00bb#FFFFFF\u00bb body_font_size=\u00bb16px\u00bb body_line_height=\u00bb1.5em\u00bb height_tablet=\u00bb\u00bb height_phone=\u00bb\u00bb height_last_edited=\u00bbon|phone\u00bb custom_margin=\u00bb0px||0px||false|false\u00bb custom_padding=\u00bb|10%||10%|false|true\u00bb global_colors_info=\u00bb{}\u00bb]<\/p>\n<p><span>En Suplidora Internacional, nuestra pasi\u00f3n es brindarte una experiencia de mercado \u00fanica. Desde nuestro inicio, nos hemos comprometido a ofrecer soluciones integrales y servicios excepcionales a nuestros clientes en toda Nicaragua. Nuestra dedicaci\u00f3n a la excelencia, la innovaci\u00f3n y la calidad nos ha posicionado como l\u00edderes en la industria de la importaci\u00f3n de productos que te facilitan la vida. Estamos comprometidos en entender y satisfacer tus necesidades, proporcionando productos de la m\u00e1s alta calidad y servicios personalizados que superen tus expectativas. Descubre c\u00f3mo nuestra experiencia y compromiso pueden beneficiar tu negocio y ser tu socio confiable en el comercio nacional.<\/span><\/p>\n<p>[\/et_pb_blurb][\/et_pb_column][et_pb_column type=\u00bb1_2&#8243; _builder_version=\u00bb4.23&#8243; _module_preset=\u00bbdefault\u00bb global_colors_info=\u00bb{}\u00bb][\/et_pb_column][\/et_pb_row][\/et_pb_section][et_pb_section fb_built=\u00bb1&#8243; _builder_version=\u00bb4.23&#8243; _module_preset=\u00bbdefault\u00bb background_color=\u00bb#EDF000&#8243; height=\u00bb75px\u00bb custom_margin=\u00bb0px||0px||true|false\u00bb custom_padding=\u00bb0px||0px||true|false\u00bb da_disable_devices=\u00bboff|off|off\u00bb global_colors_info=\u00bb{}\u00bb da_is_popup=\u00bboff\u00bb da_exit_intent=\u00bboff\u00bb da_has_close=\u00bbon\u00bb da_alt_close=\u00bboff\u00bb da_dark_close=\u00bboff\u00bb da_not_modal=\u00bbon\u00bb da_is_singular=\u00bboff\u00bb da_with_loader=\u00bboff\u00bb da_has_shadow=\u00bbon\u00bb][et_pb_row _builder_version=\u00bb4.23&#8243; _module_preset=\u00bbdefault\u00bb custom_margin=\u00bb0px||0px||true|false\u00bb custom_padding=\u00bb10px||10px||true|false\u00bb global_colors_info=\u00bb{}\u00bb][et_pb_column type=\u00bb4_4&#8243; _builder_version=\u00bb4.23&#8243; _module_preset=\u00bbdefault\u00bb global_colors_info=\u00bb{}\u00bb][et_pb_text _builder_version=\u00bb4.23.1&#8243; _module_preset=\u00bbdefault\u00bb text_font=\u00bbAbel|700|||||||\u00bb text_text_color=\u00bb#000000&#8243; text_font_size=\u00bb36px\u00bb text_orientation=\u00bbcenter\u00bb custom_margin=\u00bb12px|||||\u00bb hover_enabled=\u00bb0&#8243; text_font_size_tablet=\u00bb36px\u00bb text_font_size_phone=\u00bb24px\u00bb text_font_size_last_edited=\u00bbon|phone\u00bb global_colors_info=\u00bb{}\u00bb sticky_enabled=\u00bb0&#8243;]<\/p>\n<p>Conozca nuestra Misi\u00f3n, Visi\u00f3n y valores<\/p>\n<p>[\/et_pb_text][\/et_pb_column][\/et_pb_row][\/et_pb_section][et_pb_section fb_built=\u00bb1&#8243; _builder_version=\u00bb4.23.1&#8243; _module_preset=\u00bbdefault\u00bb use_background_color_gradient=\u00bbon\u00bb background_color_gradient_direction=\u00bb90deg\u00bb background_color_gradient_stops=\u00bb#1b1b89 0%|rgba(34,163,135,0.6) 100%\u00bb background_color_gradient_overlays_image=\u00bbon\u00bb background_image=\u00bbhttps:\/\/www.suplidora.com.ni\/wp-content\/uploads\/2023\/11\/background-mision-min.jpg\u00bb da_disable_devices=\u00bboff|off|off\u00bb global_colors_info=\u00bb{}\u00bb da_is_popup=\u00bboff\u00bb da_exit_intent=\u00bboff\u00bb da_has_close=\u00bbon\u00bb da_alt_close=\u00bboff\u00bb da_dark_close=\u00bboff\u00bb da_not_modal=\u00bbon\u00bb da_is_singular=\u00bboff\u00bb da_with_loader=\u00bboff\u00bb da_has_shadow=\u00bbon\u00bb][et_pb_row column_structure=\u00bb1_2,1_2&#8243; make_equal=\u00bbon\u00bb _builder_version=\u00bb4.23&#8243; _module_preset=\u00bbdefault\u00bb custom_css_main_element=\u00bbalign-items: center;\u00bb global_colors_info=\u00bb{}\u00bb][et_pb_column type=\u00bb1_2&#8243; _builder_version=\u00bb4.23&#8243; _module_preset=\u00bbdefault\u00bb global_colors_info=\u00bb{}\u00bb][et_pb_image src=\u00bbhttps:\/\/www.suplidora.com.ni\/wp-content\/uploads\/2023\/10\/MISION-scaled.jpg\u00bb title_text=\u00bbMISION\u00bb _builder_version=\u00bb4.23.1&#8243; _module_preset=\u00bbdefault\u00bb box_shadow_style=\u00bbpreset2&#8243; global_colors_info=\u00bb{}\u00bb transform_styles__hover_enabled=\u00bbon|hover\u00bb transform_scale__hover_enabled=\u00bbon|hover\u00bb transform_translate__hover_enabled=\u00bbon|desktop\u00bb transform_rotate__hover_enabled=\u00bbon|desktop\u00bb transform_skew__hover_enabled=\u00bbon|desktop\u00bb transform_origin__hover_enabled=\u00bbon|desktop\u00bb transform_scale__hover=\u00bb105%|105%\u00bb][\/et_pb_image][\/et_pb_column][et_pb_column type=\u00bb1_2&#8243; _builder_version=\u00bb4.23&#8243; _module_preset=\u00bbdefault\u00bb global_colors_info=\u00bb{}\u00bb][et_pb_blurb title=\u00bbNUESTRA MISI\u00d3N\u00bb _builder_version=\u00bb4.23.1&#8243; _module_preset=\u00bbdefault\u00bb header_level=\u00bbh1&#8243; header_font=\u00bbAbel|600|||||||\u00bb header_text_color=\u00bb#FFFFFF\u00bb body_font=\u00bb||||||||\u00bb body_text_color=\u00bb#FFFFFF\u00bb body_font_size=\u00bb26px\u00bb body_line_height=\u00bb1.5em\u00bb body_font_size_tablet=\u00bb26px\u00bb body_font_size_phone=\u00bb18px\u00bb body_font_size_last_edited=\u00bbon|phone\u00bb global_colors_info=\u00bb{}\u00bb]<\/p>\n<p>Somos una empresa s\u00f3lida, con un alto compromiso con nuestros clientes y colaboradores; capaces de ofrecer una gama de servicios y productos de calidad.<\/p>\n<p>[\/et_pb_blurb][\/et_pb_column][\/et_pb_row][\/et_pb_section][et_pb_section fb_built=\u00bb1&#8243; _builder_version=\u00bb4.23.1&#8243; _module_preset=\u00bbdefault\u00bb use_background_color_gradient=\u00bbon\u00bb background_color_gradient_stops=\u00bb#1b1b89 0%|rgba(34,163,135,0.6) 100%\u00bb background_color_gradient_overlays_image=\u00bbon\u00bb background_image=\u00bbhttps:\/\/www.suplidora.com.ni\/wp-content\/uploads\/2023\/11\/background-vision-min.jpg\u00bb da_disable_devices=\u00bboff|off|off\u00bb global_colors_info=\u00bb{}\u00bb da_is_popup=\u00bboff\u00bb da_exit_intent=\u00bboff\u00bb da_has_close=\u00bbon\u00bb da_alt_close=\u00bboff\u00bb da_dark_close=\u00bboff\u00bb da_not_modal=\u00bbon\u00bb da_is_singular=\u00bboff\u00bb da_with_loader=\u00bboff\u00bb da_has_shadow=\u00bbon\u00bb][et_pb_row column_structure=\u00bb1_2,1_2&#8243; make_equal=\u00bbon\u00bb _builder_version=\u00bb4.23&#8243; _module_preset=\u00bbdefault\u00bb custom_css_main_element=\u00bbalign-items: center;\u00bb global_colors_info=\u00bb{}\u00bb][et_pb_column type=\u00bb1_2&#8243; _builder_version=\u00bb4.23&#8243; _module_preset=\u00bbdefault\u00bb global_colors_info=\u00bb{}\u00bb][et_pb_blurb title=\u00bbNUESTRA VISI\u00d3N\u00bb _builder_version=\u00bb4.23.1&#8243; _module_preset=\u00bbdefault\u00bb header_level=\u00bbh1&#8243; header_font=\u00bbAbel|600|||||||\u00bb header_text_color=\u00bb#FFFFFF\u00bb body_font=\u00bb||||||||\u00bb body_text_color=\u00bb#FFFFFF\u00bb body_font_size=\u00bb26px\u00bb body_line_height=\u00bb1.5em\u00bb body_font_size_tablet=\u00bb26px\u00bb body_font_size_phone=\u00bb18px\u00bb body_font_size_last_edited=\u00bbon|phone\u00bb global_colors_info=\u00bb{}\u00bb]<\/p>\n<p>Ser la comercializadora referente en Nicaragua, reconocida por nuestra calidad de servicio y experiencia de mercado respetando nuestros valores y desarrollando un crecimiento permanente y sostenible.<\/p>\n<p>[\/et_pb_blurb][\/et_pb_column][et_pb_column type=\u00bb1_2&#8243; _builder_version=\u00bb4.23&#8243; _module_preset=\u00bbdefault\u00bb global_colors_info=\u00bb{}\u00bb][et_pb_image src=\u00bbhttps:\/\/www.suplidora.com.ni\/wp-content\/uploads\/2023\/11\/VISION-SUP-min.jpg\u00bb title_text=\u00bbVISION SUP-min\u00bb _builder_version=\u00bb4.23.1&#8243; _module_preset=\u00bbdefault\u00bb box_shadow_style=\u00bbpreset2&#8243; global_colors_info=\u00bb{}\u00bb transform_styles__hover_enabled=\u00bbon|hover\u00bb transform_scale__hover_enabled=\u00bbon|hover\u00bb transform_translate__hover_enabled=\u00bbon|desktop\u00bb transform_rotate__hover_enabled=\u00bbon|desktop\u00bb transform_skew__hover_enabled=\u00bbon|desktop\u00bb transform_origin__hover_enabled=\u00bbon|desktop\u00bb transform_scale__hover=\u00bb105%|105%\u00bb][\/et_pb_image][\/et_pb_column][\/et_pb_row][\/et_pb_section][et_pb_section fb_built=\u00bb1&#8243; _builder_version=\u00bb4.23.1&#8243; _module_preset=\u00bbdefault\u00bb background_enable_color=\u00bboff\u00bb use_background_color_gradient=\u00bbon\u00bb background_color_gradient_direction=\u00bb270deg\u00bb background_color_gradient_stops=\u00bbrgba(43,43,43,0.84) 46%|#0c71c3 55%\u00bb background_color_gradient_overlays_image=\u00bbon\u00bb background_image=\u00bbhttps:\/\/www.suplidora.com.ni\/wp-content\/uploads\/2023\/11\/background-valores-min-e1699746483952.jpg\u00bb custom_margin=\u00bb0px||0px||true|false\u00bb custom_padding=\u00bb0px||0px||true|false\u00bb background_last_edited=\u00bbon|desktop\u00bb use_background_color_gradient_phone=\u00bbon\u00bb background_color_gradient_direction_phone=\u00bb0deg\u00bb background_color_gradient_stops_phone=\u00bbrgba(147,147,147,0.51) 9%|#0c71c3 18%\u00bb background_position_phone=\u00bbbottom_center\u00bb da_disable_devices=\u00bboff|off|off\u00bb global_colors_info=\u00bb{}\u00bb da_is_popup=\u00bboff\u00bb da_exit_intent=\u00bboff\u00bb da_has_close=\u00bbon\u00bb da_alt_close=\u00bboff\u00bb da_dark_close=\u00bboff\u00bb da_not_modal=\u00bbon\u00bb da_is_singular=\u00bboff\u00bb da_with_loader=\u00bboff\u00bb da_has_shadow=\u00bbon\u00bb][et_pb_row _builder_version=\u00bb4.23&#8243; _module_preset=\u00bbdefault\u00bb custom_padding=\u00bb7px||0px|||\u00bb global_colors_info=\u00bb{}\u00bb][et_pb_column type=\u00bb4_4&#8243; _builder_version=\u00bb4.23&#8243; _module_preset=\u00bbdefault\u00bb global_colors_info=\u00bb{}\u00bb][et_pb_blurb title=\u00bbNUESTROS VALORES\u00bb _builder_version=\u00bb4.23.1&#8243; _module_preset=\u00bbdefault\u00bb header_level=\u00bbh1&#8243; header_font=\u00bbAbel|700|||||||\u00bb header_text_align=\u00bbcenter\u00bb header_text_color=\u00bb#FFFFFF\u00bb custom_margin=\u00bb20px||||false|false\u00bb global_colors_info=\u00bb{}\u00bb][\/et_pb_blurb][\/et_pb_column][\/et_pb_row][et_pb_row column_structure=\u00bb1_2,1_2&#8243; use_custom_gutter=\u00bbon\u00bb gutter_width=\u00bb2&#8243; make_equal=\u00bbon\u00bb custom_padding_last_edited=\u00bbon|desktop\u00bb _builder_version=\u00bb4.23.1&#8243; _module_preset=\u00bbdefault\u00bb background_enable_color=\u00bboff\u00bb custom_padding=\u00bb14px||10px|||\u00bb custom_padding_tablet=\u00bb\u00bb custom_padding_phone=\u00bb||||false|false\u00bb custom_css_main_element=\u00bbalign-items: center\u00bb global_colors_info=\u00bb{}\u00bb][et_pb_column type=\u00bb1_2&#8243; _builder_version=\u00bb4.23&#8243; _module_preset=\u00bbdefault\u00bb global_colors_info=\u00bb{}\u00bb][et_pb_image src=\u00bbhttps:\/\/www.suplidora.com.ni\/wp-content\/uploads\/2023\/11\/VALORES-SUP-min.jpg\u00bb title_text=\u00bbVALORES SUP-min\u00bb _builder_version=\u00bb4.23.1&#8243; _module_preset=\u00bbdefault\u00bb global_colors_info=\u00bb{}\u00bb][\/et_pb_image][\/et_pb_column][et_pb_column type=\u00bb1_2&#8243; _builder_version=\u00bb4.23&#8243; _module_preset=\u00bbdefault\u00bb global_colors_info=\u00bb{}\u00bb][et_pb_cta button_text=\u00bbClics\u00bb content_tablet=\u00bb<\/p>\n<h2><span style=%22color: #00ccff;%22><strong>COMPROMISO<\/strong><\/span><\/h2>\n<p>Por convicci\u00f3n asumimos nuestra, responsabilidad; honramos nuestros acuerdos.<\/p>\n<h2><span style=%22color: #00ccff;%22><strong>EMPAT\u00cdA<\/strong><\/span><\/h2>\n<p>Comprendemos y compartimos desde la experiencia de los demas nuestros compromisos.<\/p>\n<h2><span style=%22color: #00ccff;%22><strong>JUSTICIA<\/strong><\/span><\/h2>\n<p>Nos regimos en funci\u00f3n de la verdad, la equidad y la empat\u00eda integral.<\/p>\n<h2><span style=%22color: #00ccff;%22><strong>HONESTIDAD<\/strong><\/span><\/h2>\n<p>Mostramos respeto por los demas con untegridad yconciencia de nostros mismos y de nuestro entorno.<\/p>\n<h2><span style=%22color: #00ccff;%22><strong>\u00c9TICA<\/strong><\/span><\/h2>\n<p>Nos conducimos en apego a las buenas practicas, incorporando valores y principios que definen nuestra conducta diaria.<\/p>\n<p>\u00bb content_phone=\u00bb<\/p>\n<h2 style=%22text-align: left;%22><span style=%22color: #00ccff;%22><strong>COMPROMISO<\/strong><\/span><\/h2>\n<p style=%22text-align: left;%22>Por convicci\u00f3n asumimos nuestra, responsabilidad; honramos nuestros acuerdos.<\/p>\n<h2 style=%22text-align: left;%22><span style=%22color: #00ccff;%22><strong>EMPAT\u00cdA<\/strong><\/span><\/h2>\n<p style=%22text-align: left;%22>Comprendemos y compartimos desde la experiencia de los demas nuestros compromisos.<\/p>\n<h2 style=%22text-align: left;%22><span style=%22color: #00ccff;%22><strong>JUSTICIA<\/strong><\/span><\/h2>\n<p style=%22text-align: left;%22>Nos regimos en funci\u00f3n de la verdad, la equidad y la empat\u00eda integral.<\/p>\n<h2 style=%22text-align: left;%22><span style=%22color: #00ccff;%22><strong>HONESTIDAD<\/strong><\/span><\/h2>\n<p style=%22text-align: left;%22>Mostramos respeto por los demas con untegridad yconciencia de nostros mismos y de nuestro entorno.<\/p>\n<h2 style=%22text-align: left;%22><span style=%22color: #00ccff;%22><strong>\u00c9TICA<\/strong><\/span><\/h2>\n<p style=%22text-align: left;%22>Nos conducimos en apego a las buenas practicas, incorporando valores y principios que definen nuestra conducta diaria.<\/p>\n<p>\u00bb content_last_edited=\u00bbon|phone\u00bb _builder_version=\u00bb4.23&#8243; _module_preset=\u00bbdefault\u00bb header_level=\u00bbh1&#8243; header_font=\u00bbAbel|700|||||||\u00bb header_text_color=\u00bb#000000&#8243; body_font=\u00bb||||||||\u00bb body_text_align=\u00bbcenter\u00bb body_text_color=\u00bb#FFFFFF\u00bb body_font_size=\u00bb22px\u00bb body_line_height=\u00bb1.6em\u00bb background_enable_color=\u00bboff\u00bb module_alignment=\u00bbcenter\u00bb custom_padding=\u00bb||12px|15%|false|false\u00bb custom_padding_tablet=\u00bb|||15%|false|false\u00bb custom_padding_phone=\u00bb|||15%|false|false\u00bb custom_padding_last_edited=\u00bbon|desktop\u00bb body_font_size_tablet=\u00bb22px\u00bb body_font_size_phone=\u00bb18px\u00bb body_font_size_last_edited=\u00bbon|phone\u00bb body_line_height_tablet=\u00bb1.6em\u00bb body_line_height_phone=\u00bb1.5em\u00bb body_line_height_last_edited=\u00bbon|phone\u00bb global_colors_info=\u00bb{}\u00bb]<\/p>\n<h2><span style=\"color: #00ccff;\"><strong>COMPROMISO<\/strong><\/span><\/h2>\n<p>Por convicci\u00f3n asumimos nuestra, responsabilidad; honramos nuestros acuerdos.<\/p>\n<h2><span style=\"color: #00ccff;\"><strong>EMPAT\u00cdA<\/strong><\/span><\/h2>\n<p>Comprendemos y compartimos desde la experiencia de los dem\u00e1s nuestros compromisos.<\/p>\n<h2><span style=\"color: #00ccff;\"><strong>JUSTICIA<\/strong><\/span><\/h2>\n<p>Nos regimos en funci\u00f3n de la verdad, la equidad y la empat\u00eda integral.<\/p>\n<h2><span style=\"color: #00ccff;\"><strong>HONESTIDAD<\/strong><\/span><\/h2>\n<p>Mostramos respeto por los dem\u00e1s con integridad y conciencia de nosotros mismos y de nuestro entorno.<\/p>\n<h2><span style=\"color: #00ccff;\"><strong>\u00c9TICA<\/strong><\/span><\/h2>\n<p>Nos conducimos en apego a las buenas pr\u00e1cticas, incorporando valores y principios que definen nuestra conducta diaria.<\/p>\n<p>[\/et_pb_cta][\/et_pb_column][\/et_pb_row][\/et_pb_section]<\/p>\n","protected":false},"excerpt":{"rendered":"<p>En Suplidora Internacional, nuestra pasi\u00f3n es brindarte una experiencia de mercado \u00fanica. Desde nuestro inicio, nos hemos comprometido a ofrecer soluciones integrales y servicios excepcionales a nuestros clientes en toda Nicaragua. Nuestra dedicaci\u00f3n a la excelencia, la innovaci\u00f3n y la calidad nos ha posicionado como l\u00edderes en la industria de la importaci\u00f3n de productos que [&hellip;]<\/p>\n","protected":false},"author":1,"featured_media":0,"parent":0,"menu_order":0,"comment_status":"closed","ping_status":"closed","template":"","meta":{"_et_pb_use_builder":"on","_et_pb_old_content":"<!-- wp:divi\/placeholder \/-->","_et_gb_content_width":"","footnotes":""},"class_list":["post-234286","page","type-page","status-publish","hentry"],"_links":{"self":[{"href":"https:\/\/www.suplidora.com.ni\/index.php?rest_route=\/wp\/v2\/pages\/234286","targetHints":{"allow":["GET"]}}],"collection":[{"href":"https:\/\/www.suplidora.com.ni\/index.php?rest_route=\/wp\/v2\/pages"}],"about":[{"href":"https:\/\/www.suplidora.com.ni\/index.php?rest_route=\/wp\/v2\/types\/page"}],"author":[{"embeddable":true,"href":"https:\/\/www.suplidora.com.ni\/index.php?rest_route=\/wp\/v2\/users\/1"}],"replies":[{"embeddable":true,"href":"https:\/\/www.suplidora.com.ni\/index.php?rest_route=%2Fwp%2Fv2%2Fcomments&post=234286"}],"version-history":[{"count":71,"href":"https:\/\/www.suplidora.com.ni\/index.php?rest_route=\/wp\/v2\/pages\/234286\/revisions"}],"predecessor-version":[{"id":234462,"href":"https:\/\/www.suplidora.com.ni\/index.php?rest_route=\/wp\/v2\/pages\/234286\/revisions\/234462"}],"wp:attachment":[{"href":"https:\/\/www.suplidora.com.ni\/index.php?rest_route=%2Fwp%2Fv2%2Fmedia&parent=234286"}],"curies":[{"name":"wp","href":"https:\/\/api.w.org\/{rel}","templated":true}]}}